{"id":430,"date":"2026-02-05T09:49:15","date_gmt":"2026-02-05T08:49:15","guid":{"rendered":"https:\/\/centreartemisia.com\/politica-de-privacitat-i-cookies\/"},"modified":"2026-02-23T11:23:20","modified_gmt":"2026-02-23T10:23:20","slug":"politica-de-privacitat-i-cookies","status":"publish","type":"page","link":"https:\/\/centreartemisia.com\/ca\/politica-de-privacitat-i-cookies\/","title":{"rendered":"Pol\u00edtica de privacitat i cookies"},"content":{"rendered":"<p>[et_pb_section fb_built=&#8221;1&#8243; _builder_version=&#8221;4.27.5&#8243; _module_preset=&#8221;default&#8221; global_colors_info=&#8221;{}&#8221; theme_builder_area=&#8221;post_content&#8221;][et_pb_row _builder_version=&#8221;4.27.5&#8243; _module_preset=&#8221;default&#8221; global_colors_info=&#8221;{}&#8221; theme_builder_area=&#8221;post_content&#8221;][et_pb_column type=&#8221;4_4&#8243; _builder_version=&#8221;4.27.5&#8243; _module_preset=&#8221;default&#8221; global_colors_info=&#8221;{}&#8221; theme_builder_area=&#8221;post_content&#8221;][et_pb_text _builder_version=&#8221;4.27.5&#8243; _module_preset=&#8221;default&#8221; hover_enabled=&#8221;0&#8243; global_colors_info=&#8221;{}&#8221; theme_builder_area=&#8221;post_content&#8221; sticky_enabled=&#8221;0&#8243;]<\/p>\n<h1>Pol\u00edtica de privacitat i cookies<\/h1>\n<p>[\/et_pb_text][\/et_pb_column][\/et_pb_row][et_pb_row _builder_version=&#8221;4.27.5&#8243; _module_preset=&#8221;default&#8221; global_colors_info=&#8221;{}&#8221; theme_builder_area=&#8221;post_content&#8221;][et_pb_column type=&#8221;4_4&#8243; _builder_version=&#8221;4.27.5&#8243; _module_preset=&#8221;default&#8221; global_colors_info=&#8221;{}&#8221; theme_builder_area=&#8221;post_content&#8221;][et_pb_text _builder_version=&#8221;4.27.5&#8243; _module_preset=&#8221;default&#8221; hover_enabled=&#8221;0&#8243; global_colors_info=&#8221;{}&#8221; theme_builder_area=&#8221;post_content&#8221; sticky_enabled=&#8221;0&#8243;]<\/p>\n<p><span data-contrast=\"auto\">Finalitat de les dades recollides: els formularis tenen la finalitat de contactar per a una possible cita. Per a aix\u00f2 es recullen les dades m\u00ednimes necess\u00e0ries per a aquest contacte i no est\u00e0 previst el seu \u00fas per a cap altre prop\u00f2sit. En cap cas aquestes dades seran cedides, compartides o transferides a un tercer.<\/span><span> <\/span><\/p>\n<p><span data-contrast=\"auto\">La titular del web es reserva el dret de modificar la pol\u00edtica de privacitat segons el seu propi criteri, per canvis en la din\u00e0mica del web o per canvis legislatius referents a la protecci\u00f3 de dades.<\/span><span> <\/span><span><\/span><\/p>\n<p><span><span data-contrast=\"auto\" class=\"TextRun SCXO60333184 BCX0\" lang=\"ES\"><span class=\"NormalTextRun SCXO60333184 BCX0\">Pol\u00edtica de \u00abCookies\u00bb: <\/span><\/span><a class=\"HyperlinkV2 SCXO60333184 BCX0\" href=\"http:\/\/www.centreartemisia.com\/\" target=\"_blank\" rel=\"noreferrer noopener\"><span data-contrast=\"auto\" class=\"TextRun SCXO60333184 BCX0\" lang=\"ES\"><span class=\"NormalTextRun SCXO60333184 BCX0\">www.centreartemisia.com<\/span><\/span><\/a><span data-contrast=\"auto\" class=\"TextRun SCXO60333184 BCX0\" lang=\"ES\"><span class=\"NormalTextRun SCXO60333184 BCX0\"> utilitza les cookies necess\u00e0ries per millorar la navegaci\u00f3 del web i elaborar estad\u00edstiques d\u2019acc\u00e9s al mateix per part dels usuaris.<\/span><\/span><span class=\"EOP SCXO60333184 BCX0\"> <\/span><\/span><\/p>\n<p>Dades actualitzades: 05\/02\/2026<\/p>\n<p>[\/et_pb_text][\/et_pb_column][\/et_pb_row][\/et_pb_section][et_pb_section fb_built=&#8221;1&#8243; _builder_version=&#8221;4.27.5&#8243; _module_preset=&#8221;default&#8221; global_colors_info=&#8221;{}&#8221; theme_builder_area=&#8221;post_content&#8221;][et_pb_row _builder_version=&#8221;4.27.5&#8243; _module_preset=&#8221;default&#8221; global_colors_info=&#8221;{}&#8221; theme_builder_area=&#8221;post_content&#8221;][et_pb_column type=&#8221;4_4&#8243; _builder_version=&#8221;4.27.5&#8243; _module_preset=&#8221;default&#8221; global_colors_info=&#8221;{}&#8221; theme_builder_area=&#8221;post_content&#8221;][et_pb_image src=&#8221;https:\/\/centreartemisia.com\/wp-content\/uploads\/2026\/01\/CONBANDERA_KITDIGITAL-scaled.png&#8221; title_text=&#8221;CONBANDERA_KITDIGITAL&#8221; _builder_version=&#8221;4.27.5&#8243; _module_preset=&#8221;default&#8221; width=&#8221;70%&#8221; module_alignment=&#8221;center&#8221; global_colors_info=&#8221;{}&#8221; theme_builder_area=&#8221;post_content&#8221;][\/et_pb_image][\/et_pb_column][\/et_pb_row][\/et_pb_section]<\/p>\n","protected":false},"excerpt":{"rendered":"<p>Pol\u00edtica de privacitat i cookiesFinalitat de les dades recollides: els formularis tenen la finalitat de contactar per a una possible cita. Per a aix\u00f2 es recullen les dades m\u00ednimes necess\u00e0ries per a aquest contacte i no est\u00e0 previst el seu \u00fas per a cap altre prop\u00f2sit. En cap cas aquestes dades seran cedides, compartides o [&hellip;]<\/p>\n","protected":false},"author":2,"featured_media":0,"parent":0,"menu_order":0,"comment_status":"closed","ping_status":"closed","template":"","meta":{"_et_pb_use_builder":"on","_et_pb_old_content":"","_et_gb_content_width":"","footnotes":""},"class_list":["post-430","page","type-page","status-publish","hentry"],"_links":{"self":[{"href":"https:\/\/centreartemisia.com\/ca\/wp-json\/wp\/v2\/pages\/430","targetHints":{"allow":["GET"]}}],"collection":[{"href":"https:\/\/centreartemisia.com\/ca\/wp-json\/wp\/v2\/pages"}],"about":[{"href":"https:\/\/centreartemisia.com\/ca\/wp-json\/wp\/v2\/types\/page"}],"author":[{"embeddable":true,"href":"https:\/\/centreartemisia.com\/ca\/wp-json\/wp\/v2\/users\/2"}],"replies":[{"embeddable":true,"href":"https:\/\/centreartemisia.com\/ca\/wp-json\/wp\/v2\/comments?post=430"}],"version-history":[{"count":2,"href":"https:\/\/centreartemisia.com\/ca\/wp-json\/wp\/v2\/pages\/430\/revisions"}],"predecessor-version":[{"id":432,"href":"https:\/\/centreartemisia.com\/ca\/wp-json\/wp\/v2\/pages\/430\/revisions\/432"}],"wp:attachment":[{"href":"https:\/\/centreartemisia.com\/ca\/wp-json\/wp\/v2\/media?parent=430"}],"curies":[{"name":"wp","href":"https:\/\/api.w.org\/{rel}","templated":true}]}}