{"id":427,"date":"2026-02-05T09:47:18","date_gmt":"2026-02-05T08:47:18","guid":{"rendered":"https:\/\/centreartemisia.com\/avis-legal\/"},"modified":"2026-02-23T11:22:37","modified_gmt":"2026-02-23T10:22:37","slug":"avis-legal","status":"publish","type":"page","link":"https:\/\/centreartemisia.com\/ca\/avis-legal\/","title":{"rendered":"Av\u00eds legal"},"content":{"rendered":"<p>[et_pb_section fb_built=&#8221;1&#8243; _builder_version=&#8221;4.27.5&#8243; _module_preset=&#8221;default&#8221; global_colors_info=&#8221;{}&#8221; theme_builder_area=&#8221;post_content&#8221;][et_pb_row _builder_version=&#8221;4.27.5&#8243; _module_preset=&#8221;default&#8221; global_colors_info=&#8221;{}&#8221; theme_builder_area=&#8221;post_content&#8221;][et_pb_column type=&#8221;4_4&#8243; _builder_version=&#8221;4.27.5&#8243; _module_preset=&#8221;default&#8221; global_colors_info=&#8221;{}&#8221; theme_builder_area=&#8221;post_content&#8221;][et_pb_text _builder_version=&#8221;4.27.5&#8243; _module_preset=&#8221;default&#8221; hover_enabled=&#8221;0&#8243; global_colors_info=&#8221;{}&#8221; theme_builder_area=&#8221;post_content&#8221; sticky_enabled=&#8221;0&#8243;]<\/p>\n<h1>Av\u00eds legal<\/h1>\n<p>[\/et_pb_text][\/et_pb_column][\/et_pb_row][et_pb_row _builder_version=&#8221;4.27.5&#8243; _module_preset=&#8221;default&#8221; global_colors_info=&#8221;{}&#8221; theme_builder_area=&#8221;post_content&#8221;][et_pb_column type=&#8221;4_4&#8243; _builder_version=&#8221;4.27.5&#8243; _module_preset=&#8221;default&#8221; global_colors_info=&#8221;{}&#8221; theme_builder_area=&#8221;post_content&#8221;][et_pb_text _builder_version=&#8221;4.27.5&#8243; _module_preset=&#8221;default&#8221; hover_enabled=&#8221;0&#8243; global_colors_info=&#8221;{}&#8221; theme_builder_area=&#8221;post_content&#8221; sticky_enabled=&#8221;0&#8243;]<\/p>\n<p><span data-contrast=\"auto\">En compliment de la Llei 34\/2002, d\u201911 de juliol, de Serveis de la Societat de la Informaci\u00f3 i de Comer\u00e7 Electr\u00f2nic (LSSICE), BOE n\u00fam. 166, Esther Laso Esteban, responsable del lloc web, exposa el seg\u00fcent:<\/span><span> <\/span><\/p>\n<p><span data-contrast=\"auto\">DADES IDENTIFICATIVES: la titular del domini web \u00e9s Esther Laso Esteban amb DNI: 04844024V i domicili al carrer Roger de Flor, 51-53 1r 3a de Granollers. Correu electr\u00f2nic: <\/span><a href=\"mailto:psicologia@estherlaso.com\"><span data-contrast=\"auto\">psicologia@estherlaso.com<\/span><\/a><span> <\/span><\/p>\n<p><span data-contrast=\"auto\">Psic\u00f2loga. N\u00fam. col\u00b7legiada: 17.279<\/span><span> <\/span><\/p>\n<p><span data-contrast=\"auto\">L\u2019acc\u00e9s al web implica l\u2019acceptaci\u00f3 dels termes d\u2019\u00fas.<\/span><span> <\/span><\/p>\n<p><span data-contrast=\"auto\">El contingut d\u2019aquest web ofereix informaci\u00f3 i continguts de l\u2019\u00e0mbit de la psicologia que, EN CAP CAS, poden ni pretenen substituir l\u2019atenci\u00f3 d\u2019una consulta psicol\u00f2gica. Tot el contingut proporcionat al web <\/span><a href=\"http:\/\/www.centreartemisia.com\/\"><span data-contrast=\"auto\">www.centreartemisia.com<\/span><\/a><span data-contrast=\"auto\"> \u00e9s propietat de la seva titular, a excepci\u00f3 de les fotografies que acompanyen els textos, que pertanyen al cat\u00e0leg gratu\u00eft del web <\/span><a href=\"http:\/\/www.pexels.com\/\"><span data-contrast=\"auto\">www.pexels.com<\/span><\/a><span data-contrast=\"auto\">.<\/span><span> <\/span><\/p>\n<p><span data-contrast=\"auto\">Esther Laso \u00e9s titular de tots els drets de propietat intel\u00b7lectual i industrial del seu lloc web i dels seus continguts. Queda expressament prohibida la reproducci\u00f3, la distribuci\u00f3 i la comunicaci\u00f3 p\u00fablica, inclosa la seva modalitat de posada a disposici\u00f3, de la totalitat o part dels continguts d\u2019aquesta p\u00e0gina web, amb finalitats comercials, en qualsevol suport i per qualsevol mitj\u00e0 t\u00e8cnic, sense l\u2019autoritzaci\u00f3 de la titular Esther Laso Esteban.<\/span><span> <\/span><\/p>\n<p><span data-contrast=\"auto\">Esther Laso Esteban es reserva el dret d\u2019efectuar, sense av\u00eds previ, les modificacions que consideri oportunes al seu web.<\/span><span> <\/span><\/p>\n<p>Dades actualitzades: 05\/02\/2026<\/p>\n<p>[\/et_pb_text][\/et_pb_column][\/et_pb_row][\/et_pb_section][et_pb_section fb_built=&#8221;1&#8243; _builder_version=&#8221;4.27.5&#8243; _module_preset=&#8221;default&#8221; global_colors_info=&#8221;{}&#8221; theme_builder_area=&#8221;post_content&#8221;][et_pb_row _builder_version=&#8221;4.27.5&#8243; _module_preset=&#8221;default&#8221; global_colors_info=&#8221;{}&#8221; theme_builder_area=&#8221;post_content&#8221;][et_pb_column type=&#8221;4_4&#8243; _builder_version=&#8221;4.27.5&#8243; _module_preset=&#8221;default&#8221; global_colors_info=&#8221;{}&#8221; theme_builder_area=&#8221;post_content&#8221;][et_pb_image src=&#8221;https:\/\/centreartemisia.com\/wp-content\/uploads\/2026\/01\/CONBANDERA_KITDIGITAL-scaled.png&#8221; title_text=&#8221;CONBANDERA_KITDIGITAL&#8221; _builder_version=&#8221;4.27.5&#8243; _module_preset=&#8221;default&#8221; width=&#8221;70%&#8221; module_alignment=&#8221;center&#8221; global_colors_info=&#8221;{}&#8221; theme_builder_area=&#8221;post_content&#8221;][\/et_pb_image][\/et_pb_column][\/et_pb_row][\/et_pb_section]<\/p>\n","protected":false},"excerpt":{"rendered":"<p>Av\u00eds legalEn compliment de la Llei 34\/2002, d\u201911 de juliol, de Serveis de la Societat de la Informaci\u00f3 i de Comer\u00e7 Electr\u00f2nic (LSSICE), BOE n\u00fam. 166, Esther Laso Esteban, responsable del lloc web, exposa el seg\u00fcent: DADES IDENTIFICATIVES: la titular del domini web \u00e9s Esther Laso Esteban amb DNI: 04844024V i domicili al carrer Roger [&hellip;]<\/p>\n","protected":false},"author":2,"featured_media":0,"parent":0,"menu_order":0,"comment_status":"closed","ping_status":"closed","template":"","meta":{"_et_pb_use_builder":"on","_et_pb_old_content":"","_et_gb_content_width":"","footnotes":""},"class_list":["post-427","page","type-page","status-publish","hentry"],"_links":{"self":[{"href":"https:\/\/centreartemisia.com\/ca\/wp-json\/wp\/v2\/pages\/427","targetHints":{"allow":["GET"]}}],"collection":[{"href":"https:\/\/centreartemisia.com\/ca\/wp-json\/wp\/v2\/pages"}],"about":[{"href":"https:\/\/centreartemisia.com\/ca\/wp-json\/wp\/v2\/types\/page"}],"author":[{"embeddable":true,"href":"https:\/\/centreartemisia.com\/ca\/wp-json\/wp\/v2\/users\/2"}],"replies":[{"embeddable":true,"href":"https:\/\/centreartemisia.com\/ca\/wp-json\/wp\/v2\/comments?post=427"}],"version-history":[{"count":2,"href":"https:\/\/centreartemisia.com\/ca\/wp-json\/wp\/v2\/pages\/427\/revisions"}],"predecessor-version":[{"id":429,"href":"https:\/\/centreartemisia.com\/ca\/wp-json\/wp\/v2\/pages\/427\/revisions\/429"}],"wp:attachment":[{"href":"https:\/\/centreartemisia.com\/ca\/wp-json\/wp\/v2\/media?parent=427"}],"curies":[{"name":"wp","href":"https:\/\/api.w.org\/{rel}","templated":true}]}}