{"id":424,"date":"2026-02-09T09:38:24","date_gmt":"2026-02-09T08:38:24","guid":{"rendered":"https:\/\/centreartemisia.com\/qui-va-ser-artemisia-gentileschi\/"},"modified":"2026-02-23T11:16:17","modified_gmt":"2026-02-23T10:16:17","slug":"qui-va-ser-artemisia-gentileschi","status":"publish","type":"page","link":"https:\/\/centreartemisia.com\/ca\/qui-va-ser-artemisia-gentileschi\/","title":{"rendered":"Qui va ser Artemisia Gentileschi?"},"content":{"rendered":"<p>[et_pb_section fb_built=&#8221;1&#8243; _builder_version=&#8221;4.27.5&#8243; _module_preset=&#8221;default&#8221; global_colors_info=&#8221;{}&#8221;][et_pb_row _builder_version=&#8221;4.27.5&#8243; _module_preset=&#8221;default&#8221; global_colors_info=&#8221;{}&#8221;][et_pb_column type=&#8221;4_4&#8243; _builder_version=&#8221;4.27.5&#8243; _module_preset=&#8221;default&#8221; global_colors_info=&#8221;{}&#8221;][et_pb_text _builder_version=&#8221;4.27.5&#8243; _module_preset=&#8221;default&#8221; global_colors_info=&#8221;{}&#8221;]<\/p>\n<h1><span data-olk-copy-source=\"MessageBody\">Qui va ser Artemisia Gentileschi?<\/span><\/h1>\n<p>[\/et_pb_text][\/et_pb_column][\/et_pb_row][et_pb_row _builder_version=&#8221;4.27.5&#8243; _module_preset=&#8221;default&#8221; global_colors_info=&#8221;{}&#8221;][et_pb_column type=&#8221;4_4&#8243; _builder_version=&#8221;4.27.5&#8243; _module_preset=&#8221;default&#8221; global_colors_info=&#8221;{}&#8221;][et_pb_text _builder_version=&#8221;4.27.5&#8243; _module_preset=&#8221;default&#8221; hover_enabled=&#8221;0&#8243; global_colors_info=&#8221;{}&#8221; sticky_enabled=&#8221;0&#8243;]<\/p>\n<p><span data-contrast=\"auto\">Artemisia Gentileschi \u00e9s la dona que d\u00f3na nom al nostre centre. Artemisia va ser una pintora italiana del Barroc. Des de molt jove va mostrar un talent excepcional per a la pintura, convertint-se en un dels referents de l&#8217;estil de Caravaggio.<\/span><span data-ccp-props=\"{}\"> <\/span><\/p>\n<p><span data-contrast=\"auto\">Artemisia no nom\u00e9s va ser excepcional pel seu art. Nom\u00e9s coneixem la seva personalitat pels fets, ja que es van registrar pocs testimonis de les seves paraules, per\u00f2 s\u00f3n fets que parlen per si sols.<\/span><span data-ccp-props=\"{}\"> <\/span><\/p>\n<p><span data-contrast=\"auto\">Amb 18 anys va patir una violenta agressi\u00f3 sexual per part del seu mestre. En aquells temps aquests delictes es resolvien amb el matrimoni. Eren aquells temps, no tan remots, en qu\u00e8 el problema d&#8217;una violaci\u00f3 no era la viol\u00e8ncia sin\u00f3 el deshonor. Per\u00f2 un temps despr\u00e9s l&#8217;agressor es va desdire o, m\u00e9s aviat, es va descobrir que estava casat, i Artemisia va exigir, aleshores s\u00ed, just\u00edcia.<\/span><span data-ccp-props=\"{}\"> <\/span><\/p>\n<p>[\/et_pb_text][\/et_pb_column][\/et_pb_row][et_pb_row _builder_version=&#8221;4.27.5&#8243; _module_preset=&#8221;default&#8221; column_structure=&#8221;2_3,1_3&#8243;][et_pb_column _builder_version=&#8221;4.27.5&#8243; _module_preset=&#8221;default&#8221; type=&#8221;2_3&#8243;][et_pb_text _builder_version=&#8221;4.27.5&#8243; _module_preset=&#8221;default&#8221; hover_enabled=&#8221;0&#8243; sticky_enabled=&#8221;0&#8243;]<\/p>\n<p><span data-contrast=\"auto\">Les t\u00e8cniques del testimoni forense no estaven gaire desenvolupades i la millor manera que van trobar d&#8217;acceptar la den\u00fancia d&#8217;Artemisia va ser torturar-la amb l&#8217;objectiu que davant el dolor es retract\u00e9s de les seves paraules. Ho van fer posant en joc les seves eines de treball, desencaixant els seus dits estirant-los amb cordes. <\/span><\/p>\n<p><span data-contrast=\"auto\">Artemisia es va reafirmar en el que havia dit i el seu violador va ser condemnat a una multa que no va pagar i a un desterrament que no va complir.<\/span><span data-ccp-props=\"{}\"> <\/span><\/p>\n<p><span data-contrast=\"auto\">Artemisia va tirar endavant. Va aconseguir importants mecenes i es va convertir en la primera dona admesa a l&#8217;Acad\u00e8mia de les Arts del Dibuix de Flor\u00e8ncia, que no \u00e9s poca cosa si comparem amb la Reial Acad\u00e8mia Espanyola, que va admetre la seva primera dona el 1979.<\/span><span data-ccp-props=\"{}\"> <\/span><\/p>\n<p><span data-contrast=\"auto\">La seva agressi\u00f3 va marcar per sempre la seva pintura, representant moltes escenes b\u00edbliques i mitol\u00f2giques on els personatges femenins transmeten for\u00e7a i seguretat. L&#8217;escena de la decapitaci\u00f3 d&#8217;Holofernes \u00e9s protagonista de diverses de les seves obres, mostrant una Judit en cerca de just\u00edcia.<\/span><span data-ccp-props=\"{}\"> <\/span><\/p>\n<p><span data-contrast=\"auto\">Artemisia personifica la superaci\u00f3 del trauma. Un trauma que no va trobar just\u00edcia en els homes que el van jutjar i que Artemisia va condemnar a trav\u00e9s del seu art.<\/span><span data-ccp-props=\"{}\"> <\/span><\/p>\n<p>[\/et_pb_text][\/et_pb_column][et_pb_column _builder_version=&#8221;4.27.5&#8243; _module_preset=&#8221;default&#8221; type=&#8221;1_3&#8243;][et_pb_image src=&#8221;https:\/\/centreartemisia.com\/wp-content\/uploads\/2026\/02\/Cuadro-Artemisia-pintando.jpg&#8221; _builder_version=&#8221;4.27.5&#8243; _module_preset=&#8221;default&#8221; title_text=&#8221;Quadre Artemisia pintant&#8221; hover_enabled=&#8221;0&#8243; sticky_enabled=&#8221;0&#8243; border_radii=&#8221;on|15px|15px|15px|15px&#8221;][\/et_pb_image][\/et_pb_column][\/et_pb_row][\/et_pb_section][et_pb_section fb_built=&#8221;1&#8243; _builder_version=&#8221;4.27.5&#8243; _module_preset=&#8221;default&#8221; global_colors_info=&#8221;{}&#8221;][et_pb_row _builder_version=&#8221;4.27.5&#8243; _module_preset=&#8221;default&#8221; global_colors_info=&#8221;{}&#8221;][et_pb_column type=&#8221;4_4&#8243; _builder_version=&#8221;4.27.5&#8243; _module_preset=&#8221;default&#8221; global_colors_info=&#8221;{}&#8221;][et_pb_image src=&#8221;https:\/\/centreartemisia.com\/wp-content\/uploads\/2026\/01\/CONBANDERA_KITDIGITAL-scaled.png&#8221; title_text=&#8221;CONBANDERA_KITDIGITAL&#8221; _builder_version=&#8221;4.27.5&#8243; _module_preset=&#8221;default&#8221; width=&#8221;70%&#8221; module_alignment=&#8221;center&#8221; global_colors_info=&#8221;{}&#8221;][\/et_pb_image][\/et_pb_column][\/et_pb_row][\/et_pb_section]<\/p>\n","protected":false},"excerpt":{"rendered":"<p>Qui va ser Artemisia Gentileschi?Artemisia Gentileschi \u00e9s la dona que d\u00f3na nom al nostre centre. Artemisia va ser una pintora italiana del Barroc. Des de molt jove va mostrar un talent excepcional per a la pintura, convertint-se en un dels referents de l&#8217;estil de Caravaggio. Artemisia no nom\u00e9s va ser excepcional pel seu art. Nom\u00e9s [&hellip;]<\/p>\n","protected":false},"author":2,"featured_media":0,"parent":0,"menu_order":0,"comment_status":"closed","ping_status":"closed","template":"","meta":{"_et_pb_use_builder":"on","_et_pb_old_content":"","_et_gb_content_width":"","footnotes":""},"class_list":["post-424","page","type-page","status-publish","hentry"],"_links":{"self":[{"href":"https:\/\/centreartemisia.com\/ca\/wp-json\/wp\/v2\/pages\/424","targetHints":{"allow":["GET"]}}],"collection":[{"href":"https:\/\/centreartemisia.com\/ca\/wp-json\/wp\/v2\/pages"}],"about":[{"href":"https:\/\/centreartemisia.com\/ca\/wp-json\/wp\/v2\/types\/page"}],"author":[{"embeddable":true,"href":"https:\/\/centreartemisia.com\/ca\/wp-json\/wp\/v2\/users\/2"}],"replies":[{"embeddable":true,"href":"https:\/\/centreartemisia.com\/ca\/wp-json\/wp\/v2\/comments?post=424"}],"version-history":[{"count":2,"href":"https:\/\/centreartemisia.com\/ca\/wp-json\/wp\/v2\/pages\/424\/revisions"}],"predecessor-version":[{"id":426,"href":"https:\/\/centreartemisia.com\/ca\/wp-json\/wp\/v2\/pages\/424\/revisions\/426"}],"wp:attachment":[{"href":"https:\/\/centreartemisia.com\/ca\/wp-json\/wp\/v2\/media?parent=424"}],"curies":[{"name":"wp","href":"https:\/\/api.w.org\/{rel}","templated":true}]}}